{"id":471,"date":"2018-06-21T12:00:32","date_gmt":"2018-06-21T12:00:32","guid":{"rendered":"https:\/\/demo.mekshq.com\/opinion\/dc\/?page_id=253"},"modified":"2025-09-16T09:44:01","modified_gmt":"2025-09-16T09:44:01","slug":"home-2","status":"publish","type":"page","link":"https:\/\/ekoninfochecker.efri.uniri.hr\/","title":{"rendered":"EkonInfoChecker"},"content":{"rendered":"\n<p>Provjera ekonomskih medijskih \u010dinjenica o gospodarstvu<\/p>\n\n\n\n<p class=\"has-large-font-size\">Va\u0161 klju\u010d za istinitost u moru informacija<\/p>\n\n\n\n<p><\/p>\n","protected":false},"excerpt":{"rendered":"<p>Provjera ekonomskih medijskih \u010dinjenica o gospodarstvu Va\u0161 klju\u010d za istinitost u moru informacija<\/p>\n","protected":false},"author":1,"featured_media":0,"parent":0,"menu_order":0,"comment_status":"closed","ping_status":"closed","template":"template-modules.php","meta":{"footnotes":""},"class_list":["post-471","page","type-page","status-publish","hentry"],"_links":{"self":[{"href":"https:\/\/ekoninfochecker.efri.uniri.hr\/index.php\/wp-json\/wp\/v2\/pages\/471","targetHints":{"allow":["GET"]}}],"collection":[{"href":"https:\/\/ekoninfochecker.efri.uniri.hr\/index.php\/wp-json\/wp\/v2\/pages"}],"about":[{"href":"https:\/\/ekoninfochecker.efri.uniri.hr\/index.php\/wp-json\/wp\/v2\/types\/page"}],"author":[{"embeddable":true,"href":"https:\/\/ekoninfochecker.efri.uniri.hr\/index.php\/wp-json\/wp\/v2\/users\/1"}],"replies":[{"embeddable":true,"href":"https:\/\/ekoninfochecker.efri.uniri.hr\/index.php\/wp-json\/wp\/v2\/comments?post=471"}],"version-history":[{"count":1,"href":"https:\/\/ekoninfochecker.efri.uniri.hr\/index.php\/wp-json\/wp\/v2\/pages\/471\/revisions"}],"predecessor-version":[{"id":1114,"href":"https:\/\/ekoninfochecker.efri.uniri.hr\/index.php\/wp-json\/wp\/v2\/pages\/471\/revisions\/1114"}],"wp:attachment":[{"href":"https:\/\/ekoninfochecker.efri.uniri.hr\/index.php\/wp-json\/wp\/v2\/media?parent=471"}],"curies":[{"name":"wp","href":"https:\/\/api.w.org\/{rel}","templated":true}]}}