{"id":562,"date":"2024-11-16T18:56:44","date_gmt":"2024-11-16T17:56:44","guid":{"rendered":"https:\/\/ekoninfochecker.efri.uniri.hr\/?page_id=562"},"modified":"2025-01-21T21:48:09","modified_gmt":"2025-01-21T21:48:09","slug":"detekcija-laznih-vijesti-uporabom-umjetne-inteligencije-2","status":"publish","type":"page","link":"https:\/\/ekoninfochecker.efri.uniri.hr\/index.php\/detekcija-laznih-vijesti-uporabom-umjetne-inteligencije-2\/","title":{"rendered":"Detekcija la\u017enih vijesti uporabom umjetne inteligencije"},"content":{"rendered":"\n<p><\/p>\n\n\n\n<div class=\"wp-block-group\"><div class=\"wp-block-group__inner-container is-layout-constrained wp-block-group-is-layout-constrained\">\n<div class=\"wp-block-columns is-layout-flex wp-container-core-columns-is-layout-9d6595d7 wp-block-columns-is-layout-flex\">\n<div class=\"wp-block-column is-layout-flow wp-block-column-is-layout-flow\" style=\"flex-basis:100%\">    <form id=\"botun\">\r\n        <div class=\"row\">\r\n            <p>\r\n                Link do \u010dlanka: <input id=\"Quest\" name=\"quest\" size=\"80\">\r\n                <button id='Search' type=\"button\" onclick=\"fetchData()\">Raspoznaj tip vijesti<\/button>\r\n                <button id='Refresh' type=\"button\" hidden=\"hidden\" onclick=\"refresh()\">Osvje\u017ei<\/button>\r\n            <\/p>\r\n        <\/div>\r\n        <div class=\"row\">\r\n            <p>\r\n                Izaberite model:\r\n                <select id=\"modelDropdown\" class=\"form-select\">\r\n                    <option value=\"distilbert\" selected>Distilbert<\/option>\r\n                    <option value=\"bert\">bert<\/option>\r\n                    <option value=\"bertic\">berti\u0107<\/option>\r\n                <\/select>\r\n            <\/p>\r\n        <\/div>\r\n    <\/form>\r\n    <center><b><p id=\"show\" style=\"color: #FF0000;\"><\/p><\/b><\/center>\r\n    <br>\r\n    <center><button onclick=\"openModelLink()\">Opis modela<\/button><\/center>\r\n    <br>\r\n\r\n    <H3>Rezultat<\/H3>\r\n    <br>\r\n    <div class=\"table-container\">\r\n        <table id=\"data-table\" border=\"1\">\r\n            <thead>\r\n                \r\n                    <th>Kategorija<\/th>\r\n                    <th>Postotak<\/th>\r\n                \r\n            <\/thead>\r\n            <tbody>\r\n            <\/tbody>\r\n        <\/table>\r\n\t\t<br>\r\n\t\r\n    <\/div>\r\n    \n<\/div>\n<\/div>\n<\/div><\/div>\n\n\n\n<blockquote class=\"wp-block-quote is-layout-flow wp-block-quote-is-layout-flow\">\n<h3 class=\"wp-block-heading has-text-align-center\"><strong>Izjava o odricanju odgovornosti za alat za otkrivanje la\u017enih vijesti na bazi umjetne inteligencije<\/strong><\/h3>\n\n\n\n<p class=\"has-small-font-size\"><strong>Alat za otkrivanje la\u017enih vijesti na bazi umjetne inteligencije (u daljnjem tekstu &#8220;Alat&#8221;) pru\u017ea informacije samo u informativne svrhe. Razvijatelji i suradnici na projektu ne jam\u010de to\u010dnost, relevantnost, pravovremenost niti potpunost bilo kojih informacija na ovim web stranicama niti da \u0107e informacije koje Alat pru\u017ea to\u010dno identificirati la\u017ene vijesti ili dezinformacije.<br>To\u010dnost i ograni\u010denja:<\/strong>&nbsp;Alat koristi algoritme i tehnike strojnog u\u010denja koje su inherentno podlo\u017ene nesigurnostima, pristranostima i mogu\u0107im pogre\u0161kama. Ne dajemo nikakve izjave niti jamstva, izri\u010dita ili implicitna, u vezi s u\u010dinkovito\u0161\u0107u Alata ili njegovom prikladno\u0161\u0107u za bilo koju posebnu svrhu. Alat se ne bi trebao koristiti kao jedini izvor za odre\u0111ivanje istinitosti informacija.<br><strong>Nema odgovornosti:<\/strong>&nbsp;Mi ne snosimo odgovornost za bilo koje pogre\u0161ke ili propuste u informacijama koje pru\u017ea Alat niti za bilo kakvu \u0161tetu ili gubitak povezan s upotrebom ovog Alata, oslanjanjem na bilo koje informacije koje pru\u017ea Alat, ili \u0161irenjem la\u017enih ili obmanjuju\u0107ih informacija kao rezultat kori\u0161tenja ovog Alata.<br><strong>Koristite na vlastiti rizik:<\/strong>&nbsp;Korisnici Alata to \u010dine na vlastiti rizik. Mi nismo odgovorni za bilo kakvu izravnu, neizravnu, slu\u010dajnu, posljedi\u010dnu ili kaznenu \u0161tetu nastalu zbog va\u0161eg pristupa, kori\u0161tenja ili nemogu\u0107nosti kori\u0161tenja Alata, ili bilo kakve pogre\u0161ke ili propuste u sadr\u017eaju Alata.<br><strong>Bez preporuka:&nbsp;<\/strong>Alat mo\u017ee sadr\u017eavati poveznice na druge web stranice koje nisu pod kontrolom razvijatelja. Mi ne kontroliramo prirodu, sadr\u017eaj i dostupnost tih stranica. Uklju\u010divanje bilo koje poveznice ne podrazumijeva nu\u017eno preporuku niti podr\u017eavanje izra\u017eenih pogleda na njima.<br><strong>Promjene i a\u017euriranja:<\/strong>&nbsp;Zadr\u017eavamo pravo izmjene ili prestanka, privremenog ili trajnog, Alata, ili bilo kojih njegovih funkcija ili dijelova, bez prethodne obavijesti.<br><strong>Pridr\u017eavanje zakona:<\/strong>&nbsp;Korisnici Alata moraju osigurati da njihova upotreba Alata bude u skladu sa svim primjenjivim zakonima i propisima. Korisnici ne smiju koristiti Alat u nezakonite svrhe.<\/p>\n<\/blockquote>\n","protected":false},"excerpt":{"rendered":"<p>Izjava o odricanju odgovornosti za alat za otkrivanje la\u017enih vijesti na bazi umjetne inteligencije Alat za otkrivanje la\u017enih vijesti na bazi umjetne inteligencije (u daljnjem tekstu &#8220;Alat&#8221;) pru\u017ea informacije samo u informativne svrhe. Razvijatelji i suradnici na projektu ne jam\u010de to\u010dnost, relevantnost, pravovremenost niti potpunost bilo kojih informacija na ovim web stranicama niti da \u0107e [&hellip;]<\/p>\n","protected":false},"author":1,"featured_media":1216,"parent":0,"menu_order":0,"comment_status":"closed","ping_status":"closed","template":"","meta":{"footnotes":""},"class_list":["post-562","page","type-page","status-publish","has-post-thumbnail","hentry"],"_links":{"self":[{"href":"https:\/\/ekoninfochecker.efri.uniri.hr\/index.php\/wp-json\/wp\/v2\/pages\/562","targetHints":{"allow":["GET"]}}],"collection":[{"href":"https:\/\/ekoninfochecker.efri.uniri.hr\/index.php\/wp-json\/wp\/v2\/pages"}],"about":[{"href":"https:\/\/ekoninfochecker.efri.uniri.hr\/index.php\/wp-json\/wp\/v2\/types\/page"}],"author":[{"embeddable":true,"href":"https:\/\/ekoninfochecker.efri.uniri.hr\/index.php\/wp-json\/wp\/v2\/users\/1"}],"replies":[{"embeddable":true,"href":"https:\/\/ekoninfochecker.efri.uniri.hr\/index.php\/wp-json\/wp\/v2\/comments?post=562"}],"version-history":[{"count":9,"href":"https:\/\/ekoninfochecker.efri.uniri.hr\/index.php\/wp-json\/wp\/v2\/pages\/562\/revisions"}],"predecessor-version":[{"id":1309,"href":"https:\/\/ekoninfochecker.efri.uniri.hr\/index.php\/wp-json\/wp\/v2\/pages\/562\/revisions\/1309"}],"wp:featuredmedia":[{"embeddable":true,"href":"https:\/\/ekoninfochecker.efri.uniri.hr\/index.php\/wp-json\/wp\/v2\/media\/1216"}],"wp:attachment":[{"href":"https:\/\/ekoninfochecker.efri.uniri.hr\/index.php\/wp-json\/wp\/v2\/media?parent=562"}],"curies":[{"name":"wp","href":"https:\/\/api.w.org\/{rel}","templated":true}]}}